{"id":50181,"date":"2020-12-11T18:34:58","date_gmt":"2020-12-11T17:34:58","guid":{"rendered":"http:\/\/blancadonasoib.es\/politica-de-la-calidad\/"},"modified":"2021-11-19T14:42:38","modified_gmt":"2021-11-19T13:42:38","slug":"politica-de-calidad","status":"publish","type":"page","link":"https:\/\/blancadonasoib.es\/es\/politica-de-calidad\/","title":{"rendered":"Pol\u00edtica de Calidad"},"content":{"rendered":"<p>[et_pb_section fb_built=\u00bb1&#8243; _builder_version=\u00bb4.6.5&#8243; _module_preset=\u00bbdefault\u00bb background_color=\u00bb#f9f9f9&#8243; custom_padding=\u00bb0px||0px||false|false\u00bb border_width_bottom=\u00bb1px\u00bb border_color_bottom=\u00bb#ededed\u00bb border_style_bottom=\u00bbdashed\u00bb global_colors_info=\u00bb{}\u00bb][et_pb_row _builder_version=\u00bb4.6.5&#8243; _module_preset=\u00bbdefault\u00bb custom_padding=\u00bb50px||||false|false\u00bb global_colors_info=\u00bb{}\u00bb][et_pb_column type=\u00bb4_4&#8243; _builder_version=\u00bb4.6.5&#8243; _module_preset=\u00bbdefault\u00bb global_colors_info=\u00bb{}\u00bb][et_pb_text _builder_version=\u00bb4.9.7&#8243; _module_preset=\u00bbdefault\u00bb text_font=\u00bbBariol Bold|||on|||||\u00bb text_text_color=\u00bb#939393&#8243; text_letter_spacing=\u00bb1px\u00bb custom_margin=\u00bb||10px||false|false\u00bb global_colors_info=\u00bb{}\u00bb]<\/p>\n<p>Centro de Formaci\u00f3n SOIB Blanca Dona<\/p>\n<p>[\/et_pb_text][et_pb_text _builder_version=\u00bb4.10.7&#8243; _module_preset=\u00bbdefault\u00bb text_font=\u00bbBariol Bold||||||||\u00bb text_text_color=\u00bb#e01e4f\u00bb text_font_size=\u00bb32px\u00bb text_line_height=\u00bb1.3em\u00bb hover_enabled=\u00bb0&#8243; text_font_size_tablet=\u00bb\u00bb text_font_size_phone=\u00bb26px\u00bb text_font_size_last_edited=\u00bbon|phone\u00bb global_colors_info=\u00bb{}\u00bb sticky_enabled=\u00bb0&#8243;]<\/p>\n<p>Pol\u00edtica de Calidad<\/p>\n<p>[\/et_pb_text][\/et_pb_column][\/et_pb_row][\/et_pb_section][et_pb_section fb_built=\u00bb1&#8243; _builder_version=\u00bb4.6.5&#8243; _module_preset=\u00bbdefault\u00bb custom_padding=\u00bb40px||30px||false|false\u00bb global_colors_info=\u00bb{}\u00bb][et_pb_row _builder_version=\u00bb4.6.6&#8243; _module_preset=\u00bbdefault\u00bb global_colors_info=\u00bb{}\u00bb][et_pb_column type=\u00bb4_4&#8243; _builder_version=\u00bb4.6.6&#8243; _module_preset=\u00bbdefault\u00bb global_colors_info=\u00bb{}\u00bb][et_pb_text _builder_version=\u00bb4.9.10&#8243; _module_preset=\u00bbdefault\u00bb ul_font_size=\u00bb16px\u00bb ul_line_height=\u00bb1.7em\u00bb global_colors_info=\u00bb{}\u00bb]<\/p>\n<p><span style=\"font-weight: 400;\">El <\/span><b>Centro de Formaci\u00f3n SOIB Blanca Dona<\/b><span style=\"font-weight: 400;\"> es un centro propio de SOIB donde se imparten cursos de formaci\u00f3n profesional para el empleo. Desde la direcci\u00f3n del centro consideramos que la calidad en la gesti\u00f3n de la formaci\u00f3n es la clave que aporta valor a nuestra sociedad. Por este motivo, con esta pol\u00edtica queremos expresar la voluntad y el grado de compromiso a los que hacemos referencia en este documento y, por otra parte, transmitir los valores que impulsan nuestro trabajo d\u00eda a d\u00eda en la b\u00fasqueda de la mejora continua y la satisfacci\u00f3n del alumnado. Con este documento, la direcci\u00f3n y todo el personal integrante del <\/span><b>Centro de Formaci\u00f3n SOIB Blanca Dona<\/b> <span style=\"font-weight: 400;\">se compromete con el Sistema de Gesti\u00f3n de Calidad UNE-EN-ISO-9001:2005, as\u00ed como con las directrices siguientes que servir\u00e1n de base para conseguir la mejora continua y la consecuci\u00f3n de los objetivos que establezca la organizaci\u00f3n.<\/span><\/p>\n<ul>\n<li style=\"font-weight: 400;\" aria-level=\"1\"><span style=\"font-weight: 400;\">Garantizar la satisfacci\u00f3n del alumnado y la ciudadan\u00eda mediante la prestaciones de servicios de calidad basados \u200b\u200ben la mejora continua.<\/span><\/li>\n<li style=\"font-weight: 400;\" aria-level=\"1\"><span style=\"font-weight: 400;\">Velar siempre en el transcurso de nuestra trayectoria por el cumplimiento de los requisitos legales que sean de aplicaci\u00f3n, as\u00ed como los requisitos que la organizaci\u00f3n suscriba y evaluar este cumplimiento en todas las \u00e1reas de actividad.<\/span><\/li>\n<li style=\"font-weight: 400;\" aria-level=\"1\"><span style=\"font-weight: 400;\">Aportar unos servicios de calidad y mantener un trato correcto y cercano con el alumnado.<\/span><\/li>\n<li style=\"font-weight: 400;\" aria-level=\"1\"><span style=\"font-weight: 400;\">Hacer part\u00edcipes al alumnado y a otras partes interesadas, as\u00ed como adaptarnos a sus necesidades, e intentar mejorar nuestros servicios y establecer pol\u00edticas de gesti\u00f3n exigentes.<\/span><\/li>\n<li style=\"font-weight: 400;\" aria-level=\"1\"><span style=\"font-weight: 400;\">Mantener nuestros recursos en permanente actualizaci\u00f3n y fomentar desde la direcci\u00f3n pol\u00edticas de crecimiento interno.<\/span><\/li>\n<li style=\"font-weight: 400;\" aria-level=\"1\"><span style=\"font-weight: 400;\">Transmitir el conocimiento legado de nuestras experiencias como organizaci\u00f3n, basadas en nuestros \u00e9xitos y fracasos para la mejora continua de nuestros procesos.<\/span><\/li>\n<li style=\"font-weight: 400;\" aria-level=\"1\"><span style=\"font-weight: 400;\">Anteponer en todo momento la seguridad de la plantilla y las personas usuarias y promover siempre una cultura de trabajo saludable que fomente la eliminaci\u00f3n o la reducci\u00f3n de riesgos para la salud.<\/span><\/li>\n<li style=\"font-weight: 400;\" aria-level=\"1\"><span style=\"font-weight: 400;\">Disponer en todo momento de esta pol\u00edtica para cualquier persona o entidad interesada.<\/span><\/li>\n<\/ul>\n<p><span style=\"font-weight: 400;\">Por \u00faltimo, el<\/span> <b>Centro de Formaci\u00f3n SOIB Blanca Dona<\/b><span style=\"font-weight: 400;\">, a trav\u00e9s de la direcci\u00f3n se compromete a revisar de manera peri\u00f3dica esta pol\u00edtica para adaptarse a las necesidades cambiantes de la sociedad, y velar en todo momento por su cumplimiento.<\/span><\/p>\n<p>&nbsp;<\/p>\n<p>[\/et_pb_text][\/et_pb_column][\/et_pb_row][\/et_pb_section][et_pb_section fb_built=\u00bb1&#8243; _builder_version=\u00bb4.10.7&#8243; _module_preset=\u00bbdefault\u00bb custom_padding=\u00bb0px||120px||false|false\u00bb hover_enabled=\u00bb0&#8243; global_colors_info=\u00bb{}\u00bb sticky_enabled=\u00bb0&#8243;][et_pb_row _builder_version=\u00bb4.6.5&#8243; _module_preset=\u00bbdefault\u00bb global_colors_info=\u00bb{}\u00bb][et_pb_column type=\u00bb4_4&#8243; _builder_version=\u00bb4.6.5&#8243; _module_preset=\u00bbdefault\u00bb global_colors_info=\u00bb{}\u00bb][et_pb_text _builder_version=\u00bb4.10.7&#8243; _module_preset=\u00bbdefault\u00bb header_3_font=\u00bb|||on|||||\u00bb header_3_font_size=\u00bb19px\u00bb custom_margin=\u00bb||10px||false|false\u00bb custom_padding=\u00bb|||24px|false|false\u00bb hover_enabled=\u00bb0&#8243; border_width_bottom=\u00bb1px\u00bb border_color_bottom=\u00bb#ededed\u00bb border_style_bottom=\u00bbdashed\u00bb global_colors_info=\u00bb{}\u00bb sticky_enabled=\u00bb0&#8243;]<\/p>\n<h3>Documentos<\/h3>\n<p>[\/et_pb_text][\/et_pb_column][\/et_pb_row][et_pb_row _builder_version=\u00bb4.11.3&#8243; _module_preset=\u00bbdefault\u00bb custom_margin=\u00bb||40px||false|false\u00bb custom_padding=\u00bb20px|20px||20px|false|true\u00bb border_width_all=\u00bb1px\u00bb border_color_all=\u00bb#e2e2e2&#8243; global_colors_info=\u00bb{}\u00bb][et_pb_column type=\u00bb4_4&#8243; _builder_version=\u00bb4.6.5&#8243; _module_preset=\u00bbdefault\u00bb global_colors_info=\u00bb{}\u00bb][et_pb_text _builder_version=\u00bb4.10.7&#8243; _module_preset=\u00bbdefault\u00bb text_font=\u00bb||||||||\u00bb text_font_size=\u00bb18px\u00bb text_orientation=\u00bbcenter\u00bb custom_margin=\u00bb||25px||false|false\u00bb hover_enabled=\u00bb0&#8243; global_colors_info=\u00bb{}\u00bb sticky_enabled=\u00bb0&#8243;]<\/p>\n<p>Certificado ISO 9001:2015<\/p>\n<p>[\/et_pb_text][et_pb_text text_font=\u00bb|700||on|||||\u00bb text_text_color=\u00bb#FFFFFF\u00bb text_text_color__hover=\u00bb#E31E52&#8243; text_text_color__hover_enabled=\u00bbon|hover\u00bb text_font_size=\u00bb14px\u00bb text_letter_spacing=\u00bb3px\u00bb text_line_height=\u00bb1.3em\u00bb background_color=\u00bb#E31E52&#8243; background_color__hover=\u00bb#e2e2e2&#8243; background__hover_enabled=\u00bbon|hover\u00bb text_orientation=\u00bbcenter\u00bb custom_padding=\u00bb7px||7px||true|false\u00bb border_width_all=\u00bb2px\u00bb border_color_all=\u00bb#E31E52&#8243; background_enable_color__hover=\u00bbon\u00bb _builder_version=\u00bb4.10.7&#8243; _module_preset=\u00bbfa7d1213-ad25-4849-91fa-a43352bb866a\u00bb max_width=\u00bb400px\u00bb module_alignment=\u00bbcenter\u00bb link_option_url=\u00bbhttp:\/\/blancadonasoib.es\/wp-content\/uploads\/2021\/11\/00420068_main_es.pdf\u00bb link_option_url_new_window=\u00bbon\u00bb hover_enabled=\u00bb0&#8243; locked=\u00bboff\u00bb global_colors_info=\u00bb{}\u00bb sticky_enabled=\u00bb0&#8243;]<\/p>\n<p>Ver \/ descargar<\/p>\n<p>[\/et_pb_text][\/et_pb_column][\/et_pb_row][\/et_pb_section][et_pb_section fb_built=\u00bb1&#8243; _builder_version=\u00bb4.9.10&#8243; _module_preset=\u00bbdefault\u00bb background_color=\u00bb#c1c1c1&#8243; custom_padding=\u00bb17px|||||\u00bb global_colors_info=\u00bb{}\u00bb][et_pb_row _builder_version=\u00bb4.6.5&#8243; _module_preset=\u00bbdefault\u00bb global_colors_info=\u00bb{}\u00bb][et_pb_column type=\u00bb4_4&#8243; _builder_version=\u00bb4.6.5&#8243; _module_preset=\u00bbdefault\u00bb global_colors_info=\u00bb{}\u00bb][et_pb_text _builder_version=\u00bb4.11.3&#8243; _module_preset=\u00bbdefault\u00bb text_font=\u00bbBariol Bold||||||||\u00bb text_font_size=\u00bb22px\u00bb text_letter_spacing=\u00bb1px\u00bb header_2_text_color=\u00bb#6b6b6b\u00bb header_2_font_size=\u00bb22px\u00bb header_2_line_height=\u00bb1.2em\u00bb global_colors_info=\u00bb{}\u00bb]<\/p>\n<h2>Noticias<\/h2>\n<p>[\/et_pb_text][\/et_pb_column][\/et_pb_row][et_pb_row _builder_version=\u00bb4.6.5&#8243; _module_preset=\u00bbdefault\u00bb global_colors_info=\u00bb{}\u00bb][et_pb_column type=\u00bb4_4&#8243; _builder_version=\u00bb4.6.5&#8243; _module_preset=\u00bbdefault\u00bb global_colors_info=\u00bb{}\u00bb][et_pb_blog fullwidth=\u00bboff\u00bb posts_number=\u00bb6&#8243; include_categories=\u00bb35&#8243; show_more=\u00bbon\u00bb show_author=\u00bboff\u00bb show_date=\u00bboff\u00bb show_categories=\u00bboff\u00bb show_excerpt=\u00bboff\u00bb _builder_version=\u00bb4.11.3&#8243; _module_preset=\u00bbdefault\u00bb read_more_font=\u00bbBariol Regular||||||||\u00bb global_colors_info=\u00bb{}\u00bb][\/et_pb_blog][\/et_pb_column][\/et_pb_row][\/et_pb_section]<\/p>\n","protected":false},"excerpt":{"rendered":"<p>Centro de Formaci\u00f3n SOIB Blanca DonaPol\u00edtica de CalidadEl Centro de Formaci\u00f3n SOIB Blanca Dona es un centro propio de SOIB donde se imparten cursos de formaci\u00f3n profesional para el empleo. Desde la direcci\u00f3n del centro consideramos que la calidad en la gesti\u00f3n de la formaci\u00f3n es la clave que aporta valor a nuestra sociedad. Por [&hellip;]<\/p>\n","protected":false},"author":1,"featured_media":0,"parent":0,"menu_order":0,"comment_status":"closed","ping_status":"closed","template":"","meta":{"_acf_changed":false,"_et_pb_use_builder":"on","_et_pb_old_content":"","_et_gb_content_width":"","footnotes":"","_links_to":"","_links_to_target":""},"class_list":["post-50181","page","type-page","status-publish","hentry"],"acf":[],"yoast_head":"<!-- This site is optimized with the Yoast SEO plugin v26.9 - https:\/\/yoast.com\/product\/yoast-seo-wordpress\/ -->\n<title>Pol\u00edtica de Calidad - SOIB Formaci\u00f3 Eivissa<\/title>\n<meta name=\"robots\" content=\"index, follow, max-snippet:-1, max-image-preview:large, max-video-preview:-1\" \/>\n<link rel=\"canonical\" href=\"https:\/\/blancadonasoib.es\/es\/politica-de-calidad\/\" \/>\n<meta property=\"og:locale\" content=\"es_ES\" \/>\n<meta property=\"og:type\" content=\"article\" \/>\n<meta property=\"og:title\" content=\"Pol\u00edtica de Calidad - SOIB Formaci\u00f3 Eivissa\" \/>\n<meta property=\"og:description\" content=\"Centro de Formaci\u00f3n SOIB Blanca DonaPol\u00edtica de CalidadEl Centro de Formaci\u00f3n SOIB Blanca Dona es un centro propio de SOIB donde se imparten cursos de formaci\u00f3n profesional para el empleo. Desde la direcci\u00f3n del centro consideramos que la calidad en la gesti\u00f3n de la formaci\u00f3n es la clave que aporta valor a nuestra sociedad. Por [&hellip;]\" \/>\n<meta property=\"og:url\" content=\"https:\/\/blancadonasoib.es\/es\/politica-de-calidad\/\" \/>\n<meta property=\"og:site_name\" content=\"SOIB Formaci\u00f3 Eivissa\" \/>\n<meta property=\"article:publisher\" content=\"https:\/\/www.facebook.com\/SOIBgoib\/\" \/>\n<meta property=\"article:modified_time\" content=\"2021-11-19T13:42:38+00:00\" \/>\n<meta name=\"twitter:card\" content=\"summary_large_image\" \/>\n<meta name=\"twitter:site\" content=\"@soibgoib\" \/>\n<meta name=\"twitter:label1\" content=\"Tiempo de lectura\" \/>\n\t<meta name=\"twitter:data1\" content=\"6 minutos\" \/>\n<script type=\"application\/ld+json\" class=\"yoast-schema-graph\">{\"@context\":\"https:\/\/schema.org\",\"@graph\":[{\"@type\":\"WebPage\",\"@id\":\"https:\/\/blancadonasoib.es\/es\/politica-de-calidad\/\",\"url\":\"https:\/\/blancadonasoib.es\/es\/politica-de-calidad\/\",\"name\":\"Pol\u00edtica de Calidad - SOIB Formaci\u00f3 Eivissa\",\"isPartOf\":{\"@id\":\"https:\/\/blancadonasoib.es\/#website\"},\"datePublished\":\"2020-12-11T17:34:58+00:00\",\"dateModified\":\"2021-11-19T13:42:38+00:00\",\"breadcrumb\":{\"@id\":\"https:\/\/blancadonasoib.es\/es\/politica-de-calidad\/#breadcrumb\"},\"inLanguage\":\"es\",\"potentialAction\":[{\"@type\":\"ReadAction\",\"target\":[\"https:\/\/blancadonasoib.es\/es\/politica-de-calidad\/\"]}]},{\"@type\":\"BreadcrumbList\",\"@id\":\"https:\/\/blancadonasoib.es\/es\/politica-de-calidad\/#breadcrumb\",\"itemListElement\":[{\"@type\":\"ListItem\",\"position\":1,\"name\":\"Inici\",\"item\":\"https:\/\/blancadonasoib.es\/es\/\"},{\"@type\":\"ListItem\",\"position\":2,\"name\":\"Pol\u00edtica de Calidad\"}]},{\"@type\":\"WebSite\",\"@id\":\"https:\/\/blancadonasoib.es\/#website\",\"url\":\"https:\/\/blancadonasoib.es\/\",\"name\":\"SOIB Formaci\u00f3 Eivissa\",\"description\":\"\",\"publisher\":{\"@id\":\"https:\/\/blancadonasoib.es\/#organization\"},\"potentialAction\":[{\"@type\":\"SearchAction\",\"target\":{\"@type\":\"EntryPoint\",\"urlTemplate\":\"https:\/\/blancadonasoib.es\/?s={search_term_string}\"},\"query-input\":{\"@type\":\"PropertyValueSpecification\",\"valueRequired\":true,\"valueName\":\"search_term_string\"}}],\"inLanguage\":\"es\"},{\"@type\":\"Organization\",\"@id\":\"https:\/\/blancadonasoib.es\/#organization\",\"name\":\"Centre de Formaci\u00f3 SOIB Blanca Dona\",\"url\":\"https:\/\/blancadonasoib.es\/\",\"logo\":{\"@type\":\"ImageObject\",\"inLanguage\":\"es\",\"@id\":\"https:\/\/blancadonasoib.es\/#\/schema\/logo\/image\/\",\"url\":\"https:\/\/blancadonasoib.es\/wp-content\/uploads\/2020\/11\/1200px-Logo_del_Govern_de_les_Illes_Balears.png\",\"contentUrl\":\"https:\/\/blancadonasoib.es\/wp-content\/uploads\/2020\/11\/1200px-Logo_del_Govern_de_les_Illes_Balears.png\",\"width\":1200,\"height\":1140,\"caption\":\"Centre de Formaci\u00f3 SOIB Blanca Dona\"},\"image\":{\"@id\":\"https:\/\/blancadonasoib.es\/#\/schema\/logo\/image\/\"},\"sameAs\":[\"https:\/\/www.facebook.com\/SOIBgoib\/\",\"https:\/\/x.com\/soibgoib\",\"https:\/\/www.instagram.com\/soibjove_goib\/\",\"https:\/\/www.youtube.com\/channel\/UCvmOqiRlc2JOK3V_0Mc-0sA?view_as=subscriber\"]}]}<\/script>\n<!-- \/ Yoast SEO plugin. -->","yoast_head_json":{"title":"Pol\u00edtica de Calidad - SOIB Formaci\u00f3 Eivissa","robots":{"index":"index","follow":"follow","max-snippet":"max-snippet:-1","max-image-preview":"max-image-preview:large","max-video-preview":"max-video-preview:-1"},"canonical":"https:\/\/blancadonasoib.es\/es\/politica-de-calidad\/","og_locale":"es_ES","og_type":"article","og_title":"Pol\u00edtica de Calidad - SOIB Formaci\u00f3 Eivissa","og_description":"Centro de Formaci\u00f3n SOIB Blanca DonaPol\u00edtica de CalidadEl Centro de Formaci\u00f3n SOIB Blanca Dona es un centro propio de SOIB donde se imparten cursos de formaci\u00f3n profesional para el empleo. Desde la direcci\u00f3n del centro consideramos que la calidad en la gesti\u00f3n de la formaci\u00f3n es la clave que aporta valor a nuestra sociedad. Por [&hellip;]","og_url":"https:\/\/blancadonasoib.es\/es\/politica-de-calidad\/","og_site_name":"SOIB Formaci\u00f3 Eivissa","article_publisher":"https:\/\/www.facebook.com\/SOIBgoib\/","article_modified_time":"2021-11-19T13:42:38+00:00","twitter_card":"summary_large_image","twitter_site":"@soibgoib","twitter_misc":{"Tiempo de lectura":"6 minutos"},"schema":{"@context":"https:\/\/schema.org","@graph":[{"@type":"WebPage","@id":"https:\/\/blancadonasoib.es\/es\/politica-de-calidad\/","url":"https:\/\/blancadonasoib.es\/es\/politica-de-calidad\/","name":"Pol\u00edtica de Calidad - SOIB Formaci\u00f3 Eivissa","isPartOf":{"@id":"https:\/\/blancadonasoib.es\/#website"},"datePublished":"2020-12-11T17:34:58+00:00","dateModified":"2021-11-19T13:42:38+00:00","breadcrumb":{"@id":"https:\/\/blancadonasoib.es\/es\/politica-de-calidad\/#breadcrumb"},"inLanguage":"es","potentialAction":[{"@type":"ReadAction","target":["https:\/\/blancadonasoib.es\/es\/politica-de-calidad\/"]}]},{"@type":"BreadcrumbList","@id":"https:\/\/blancadonasoib.es\/es\/politica-de-calidad\/#breadcrumb","itemListElement":[{"@type":"ListItem","position":1,"name":"Inici","item":"https:\/\/blancadonasoib.es\/es\/"},{"@type":"ListItem","position":2,"name":"Pol\u00edtica de Calidad"}]},{"@type":"WebSite","@id":"https:\/\/blancadonasoib.es\/#website","url":"https:\/\/blancadonasoib.es\/","name":"SOIB Formaci\u00f3 Eivissa","description":"","publisher":{"@id":"https:\/\/blancadonasoib.es\/#organization"},"potentialAction":[{"@type":"SearchAction","target":{"@type":"EntryPoint","urlTemplate":"https:\/\/blancadonasoib.es\/?s={search_term_string}"},"query-input":{"@type":"PropertyValueSpecification","valueRequired":true,"valueName":"search_term_string"}}],"inLanguage":"es"},{"@type":"Organization","@id":"https:\/\/blancadonasoib.es\/#organization","name":"Centre de Formaci\u00f3 SOIB Blanca Dona","url":"https:\/\/blancadonasoib.es\/","logo":{"@type":"ImageObject","inLanguage":"es","@id":"https:\/\/blancadonasoib.es\/#\/schema\/logo\/image\/","url":"https:\/\/blancadonasoib.es\/wp-content\/uploads\/2020\/11\/1200px-Logo_del_Govern_de_les_Illes_Balears.png","contentUrl":"https:\/\/blancadonasoib.es\/wp-content\/uploads\/2020\/11\/1200px-Logo_del_Govern_de_les_Illes_Balears.png","width":1200,"height":1140,"caption":"Centre de Formaci\u00f3 SOIB Blanca Dona"},"image":{"@id":"https:\/\/blancadonasoib.es\/#\/schema\/logo\/image\/"},"sameAs":["https:\/\/www.facebook.com\/SOIBgoib\/","https:\/\/x.com\/soibgoib","https:\/\/www.instagram.com\/soibjove_goib\/","https:\/\/www.youtube.com\/channel\/UCvmOqiRlc2JOK3V_0Mc-0sA?view_as=subscriber"]}]}},"publishpress_future_action":{"enabled":false,"date":"2026-04-26 17:01:06","action":"change-status","newStatus":"draft","terms":[],"taxonomy":"translation_priority","extraData":[]},"publishpress_future_workflow_manual_trigger":{"enabledWorkflows":[]},"_links":{"self":[{"href":"https:\/\/blancadonasoib.es\/es\/wp-json\/wp\/v2\/pages\/50181","targetHints":{"allow":["GET"]}}],"collection":[{"href":"https:\/\/blancadonasoib.es\/es\/wp-json\/wp\/v2\/pages"}],"about":[{"href":"https:\/\/blancadonasoib.es\/es\/wp-json\/wp\/v2\/types\/page"}],"author":[{"embeddable":true,"href":"https:\/\/blancadonasoib.es\/es\/wp-json\/wp\/v2\/users\/1"}],"replies":[{"embeddable":true,"href":"https:\/\/blancadonasoib.es\/es\/wp-json\/wp\/v2\/comments?post=50181"}],"version-history":[{"count":5,"href":"https:\/\/blancadonasoib.es\/es\/wp-json\/wp\/v2\/pages\/50181\/revisions"}],"predecessor-version":[{"id":51458,"href":"https:\/\/blancadonasoib.es\/es\/wp-json\/wp\/v2\/pages\/50181\/revisions\/51458"}],"wp:attachment":[{"href":"https:\/\/blancadonasoib.es\/es\/wp-json\/wp\/v2\/media?parent=50181"}],"curies":[{"name":"wp","href":"https:\/\/api.w.org\/{rel}","templated":true}]}}